{"id":51,"date":"2026-04-25T07:26:17","date_gmt":"2026-04-25T07:26:17","guid":{"rendered":"https:\/\/iranlimedyumlar.com\/?page_id=51"},"modified":"2026-04-25T07:26:17","modified_gmt":"2026-04-25T07:26:17","slug":"baglama-buyusu","status":"publish","type":"page","link":"https:\/\/iranlimedyumlar.com\/?page_id=51","title":{"rendered":"Ba\u011flama B\u00fcy\u00fcs\u00fc"},"content":{"rendered":"\n<h2 class=\"wp-block-heading\"><strong>Ba\u011flama B\u00fcy\u00fcs\u00fc Nedir?<\/strong><\/h2>\n\n\n\n<p>Ba\u011flama b\u00fcy\u00fcs\u00fc, sevdi\u011finiz ki\u015finin size a\u015f\u0131k olmas\u0131n\u0131 ve hayat boyu size ba\u011fl\u0131 kalmas\u0131n\u0131 sa\u011flamak amac\u0131yla yap\u0131lan bir b\u00fcy\u00fc t\u00fcr\u00fcd\u00fcr. Evliliklerde ya\u015fanan sorunlar veya e\u015flerden birinin ilgisizli\u011fi durumunda, bu b\u00fcy\u00fc ile e\u015finizi kendinize ve evinize ba\u011flayabilirsiniz. Ba\u011flama b\u00fcy\u00fcs\u00fc, bu konuda uzman olan bir hocadan do\u011fru \u015fekilde \u00f6\u011frenilerek yap\u0131lmal\u0131d\u0131r. B\u00fcy\u00fcn\u00fcn etkili olabilmesi i\u00e7in t\u00fcm rit\u00fcellerin eksiksiz ve do\u011fru bir \u015fekilde uygulanmas\u0131 son derece \u00f6nemlidir.<\/p>\n\n\n\n<p>T\u00fcrkiye&#8217;nin en iyi medyumlar\u0131ndan biri olan \u0130ranl\u0131 Medyum Hoca, ba\u011flama b\u00fcy\u00fcs\u00fc konusunda uzmanla\u015fm\u0131\u015ft\u0131r. Eski sevgilinizi tekrar kendinize ba\u011flamak i\u00e7in bu b\u00fcy\u00fcy\u00fc yapt\u0131rabilirsiniz. Ayr\u0131ca sadakatsiz bir e\u015fin ilgisini ve sevgisini yeniden kazanmak i\u00e7in de bu b\u00fcy\u00fc etkili olabilir. Genellikle kad\u0131nlar taraf\u0131ndan erkeklere yap\u0131lan bu b\u00fcy\u00fc, farkl\u0131 niyetlerle \u00e7e\u015fitli alanlarda uygulanabilir.<\/p>\n\n\n\n<p>Ba\u011flama b\u00fcy\u00fcs\u00fc farkl\u0131 \u015fekillerde yap\u0131labilir. Bu b\u00fcy\u00fcn\u00fcn t\u00fcrleri aras\u0131nda iple ba\u011flama, ka\u015f\u0131kla ba\u011flama, foto\u011frafla ba\u011flama, mumla ba\u011flama ve nohut ile ba\u011flama yer al\u0131r. Her y\u00f6ntemin farkl\u0131 uygulamalar\u0131 olsa da sonu\u00e7 genellikle ayn\u0131d\u0131r. Ancak ba\u011flama b\u00fcy\u00fcs\u00fc yanl\u0131\u015f yap\u0131ld\u0131\u011f\u0131nda istenmeyen sonu\u00e7lara yol a\u00e7abilece\u011finden, b\u00fcy\u00fcn\u00fcn bir uzman taraf\u0131ndan yap\u0131lmas\u0131 son derece \u00f6nemlidir.<\/p>\n\n\n\n<h3 class=\"wp-block-heading\"><strong>Ba\u011flama B\u00fcy\u00fcs\u00fc Nas\u0131l Yap\u0131l\u0131r?<\/strong><\/h3>\n\n\n\n<p>Ba\u011flama b\u00fcy\u00fcs\u00fcn\u00fcn yap\u0131l\u0131\u015f\u0131, uzman bir medyumdan \u00f6\u011frenilmesi gereken rit\u00fceller ve t\u0131ls\u0131ml\u0131 s\u00f6zler i\u00e7erir. B\u00fcy\u00fcn\u00fcn etkili olmas\u0131 i\u00e7in nas\u0131l niyet edilmesi gerekti\u011fi de hocaya dan\u0131\u015f\u0131lmal\u0131d\u0131r. Ba\u011flama b\u00fcy\u00fcs\u00fc yaparken izlenmesi gereken ad\u0131mlar \u015funlard\u0131r:<\/p>\n\n\n\n<ol class=\"wp-block-list\">\n<li>\u00d6ncelikle, uzman bir medyumdan b\u00fcy\u00fcn\u00fcn yap\u0131l\u0131\u015f \u015fekli ve t\u0131ls\u0131ml\u0131 s\u00f6zc\u00fckler \u00f6\u011frenilmelidir.<\/li>\n\n\n\n<li>B\u00fcy\u00fc, evde karanl\u0131k ve sessiz bir odada yap\u0131lmal\u0131d\u0131r.<\/li>\n\n\n\n<li>S\u00fct veren bir hayvandan elde edilen temiz bir kap s\u00fct haz\u0131rlanmal\u0131d\u0131r.<\/li>\n\n\n\n<li>Temiz bir sayfaya \u201cYa M\u00fclaki\u201d yaz\u0131lmal\u0131d\u0131r.<\/li>\n\n\n\n<li>Ba\u011flanmas\u0131n\u0131 istedi\u011finiz ki\u015finin iki adet g\u00fcncel foto\u011fraf\u0131 temin edilmelidir.<\/li>\n\n\n\n<li>Foto\u011fraflardan biri sa\u011f, di\u011feri sol elde tutulur ve resimlere bakarak 41 kez \u201cYa M\u00fclaki\u201d ve ki\u015finin ad\u0131 s\u00f6ylenir.<\/li>\n\n\n\n<li>Foto\u011fraflar bo\u015f bir ka\u011f\u0131da yap\u0131\u015ft\u0131r\u0131l\u0131r ve 2 hafta boyunca yatt\u0131\u011f\u0131n\u0131z odan\u0131n duvar\u0131na as\u0131l\u0131r.<\/li>\n\n\n\n<li>S\u00fcte sevdi\u011finiz ki\u015finin ad\u0131 14 kez \u00fcflenir ve s\u00fct ayn\u0131 g\u00fcn i\u00e7ilir.<\/li>\n<\/ol>\n\n\n\n<p>T\u00fcm ad\u0131mlar eksiksiz tamamland\u0131\u011f\u0131nda, b\u00fcy\u00fc etkisini g\u00f6stermeye ba\u015flayacakt\u0131r. Ba\u011flamak istedi\u011finiz ki\u015fi, 2 hafta i\u00e7inde size ula\u015fmak isteyecek ve bir \u00f6m\u00fcr boyu a\u015fkla size ba\u011fl\u0131 kalacakt\u0131r. Ki\u015fi, sizin yan\u0131n\u0131zdan ayr\u0131lmak istemeyecek ve s\u00fcrekli \u00f6zlem duyacakt\u0131r.<\/p>\n\n\n\n<h4 class=\"wp-block-heading\"><strong>Ba\u011flama B\u00fcy\u00fcs\u00fc Nas\u0131l Bozulur?<\/strong><\/h4>\n\n\n\n<p>Ba\u011flama b\u00fcy\u00fcs\u00fcn\u00fcn nas\u0131l bozulaca\u011f\u0131, bu b\u00fcy\u00fcn\u00fcn etkisi alt\u0131nda oldu\u011funu d\u00fc\u015f\u00fcnen veya \u00f6nceden yapt\u0131r\u0131p pi\u015fman olan ki\u015filer taraf\u0131ndan merak edilir. Ba\u011flama b\u00fcy\u00fcs\u00fc, evde yap\u0131lan basit \u00e7\u00f6z\u00fcmlerle bozulamaz. Ancak bu b\u00fcy\u00fc, uzman bir medyum taraf\u0131ndan bozulabilir. \u0130ranl\u0131 Medyum Hoca, ba\u011flama b\u00fcy\u00fcs\u00fcn\u00fc bozma konusunda olduk\u00e7a deneyimlidir. B\u00fcy\u00fc, hocan\u0131n dua etmesi ve t\u0131ls\u0131ml\u0131 s\u00f6zc\u00fckler s\u00f6ylemesiyle etkisini kaybetmeye ba\u015flar.<\/p>\n\n\n\n<p>Ba\u011flama b\u00fcy\u00fcs\u00fc, t\u00fcm b\u00fcy\u00fcler aras\u0131nda en h\u0131zl\u0131 sonu\u00e7 veren ve en kal\u0131c\u0131 olanlardan biridir. Ancak do\u011fru y\u00f6ntemlerle b\u00fcy\u00fcn\u00fcn etkileri k\u0131sa s\u00fcrede ortadan kald\u0131r\u0131labilir. Evde Nas ve Felak surelerini abdestli olarak sabah ve ak\u015fam okumak, b\u00fcy\u00fcn\u00fcn etkisini zay\u0131flatmada yard\u0131mc\u0131 olabilir. Ancak her ba\u011flama b\u00fcy\u00fcs\u00fc farkl\u0131 oldu\u011fundan, hangi t\u00fcr\u00fcn yap\u0131ld\u0131\u011f\u0131n\u0131 hocaya anlatmak ve ona g\u00f6re yard\u0131m istemek \u00f6nemlidir.<\/p>\n\n\n\n<h5 class=\"wp-block-heading\"><strong>Ba\u011flama B\u00fcy\u00fcs\u00fcn\u00fcn Belirtileri Nelerdir?<\/strong><\/h5>\n\n\n\n<p>Ba\u011flama b\u00fcy\u00fcs\u00fcn\u00fcn etkileri genellikle 2 hafta i\u00e7inde kendini g\u00f6sterir ve b\u00fcy\u00fc yap\u0131lan ki\u015fide belirgin de\u011fi\u015fiklikler meydana gelir. \u00c7evredeki insanlar bu de\u011fi\u015fiklikleri fark etmeye ba\u015flar. Ba\u011flama b\u00fcy\u00fcs\u00fcn\u00fcn belirtileri \u015funlard\u0131r:<\/p>\n\n\n\n<ul class=\"wp-block-list\">\n<li>Ki\u015finin manevi durumunda g\u00f6zle g\u00f6r\u00fcl\u00fcr de\u011fi\u015fiklikler olur. Ki\u015fi s\u0131k\u0131nt\u0131l\u0131, stresli ve endi\u015feli bir ruh hali i\u00e7ine girer.<\/li>\n\n\n\n<li>Uykusuzluk \u00e7ekmeye ba\u015flar ve s\u00fcrekli ba\u015f a\u011fr\u0131s\u0131yla uyan\u0131r. Uykusunda terler ve huzursuzluk ya\u015far.<\/li>\n\n\n\n<li>B\u00fcy\u00fc, ki\u015finin uyku d\u00fczenini tamamen de\u011fi\u015ftirebilir; ki\u015fi s\u00fcrekli uyumak isteyebilir.<\/li>\n\n\n\n<li>Konu\u015fmalar\u0131nda ve davran\u0131\u015flar\u0131nda tutars\u0131zl\u0131klar g\u00f6r\u00fcl\u00fcr. Eskisine g\u00f6re daha \u00f6fkeli veya daha sakin olabilir.<\/li>\n\n\n\n<li>\u0130lgi alanlar\u0131 aniden de\u011fi\u015fir. Asosyal hale gelir ve sadece sevdi\u011fi ki\u015fiyle vakit ge\u00e7irmek ister.<\/li>\n<\/ul>\n\n\n\n<p>Bu belirtiler, ba\u011flama b\u00fcy\u00fcs\u00fcn\u00fcn etkisi alt\u0131nda oldu\u011funa i\u015faret edebilir. E\u011fer b\u00fcy\u00fc bozdurulmak isteniyorsa, medyuma belirtiler hakk\u0131nda bilgi verilmelidir. Bu sayede b\u00fcy\u00fcden kurtulmak daha k\u0131sa ve kolay olur.<\/p>\n","protected":false},"excerpt":{"rendered":"<p>Ba\u011flama B\u00fcy\u00fcs\u00fc Nedir? Ba\u011flama b\u00fcy\u00fcs\u00fc, sevdi\u011finiz ki\u015finin size a\u015f\u0131k olmas\u0131n\u0131 ve hayat boyu size ba\u011fl\u0131 kalmas\u0131n\u0131 sa\u011flamak amac\u0131yla yap\u0131lan bir b\u00fcy\u00fc t\u00fcr\u00fcd\u00fcr. Evliliklerde ya\u015fanan sorunlar veya e\u015flerden birinin ilgisizli\u011fi durumunda, [&hellip;]<\/p>\n","protected":false},"author":1,"featured_media":0,"parent":0,"menu_order":0,"comment_status":"closed","ping_status":"closed","template":"","meta":{"footnotes":""},"class_list":["post-51","page","type-page","status-publish","hentry"],"_links":{"self":[{"href":"https:\/\/iranlimedyumlar.com\/index.php?rest_route=\/wp\/v2\/pages\/51","targetHints":{"allow":["GET"]}}],"collection":[{"href":"https:\/\/iranlimedyumlar.com\/index.php?rest_route=\/wp\/v2\/pages"}],"about":[{"href":"https:\/\/iranlimedyumlar.com\/index.php?rest_route=\/wp\/v2\/types\/page"}],"author":[{"embeddable":true,"href":"https:\/\/iranlimedyumlar.com\/index.php?rest_route=\/wp\/v2\/users\/1"}],"replies":[{"embeddable":true,"href":"https:\/\/iranlimedyumlar.com\/index.php?rest_route=%2Fwp%2Fv2%2Fcomments&post=51"}],"version-history":[{"count":1,"href":"https:\/\/iranlimedyumlar.com\/index.php?rest_route=\/wp\/v2\/pages\/51\/revisions"}],"predecessor-version":[{"id":52,"href":"https:\/\/iranlimedyumlar.com\/index.php?rest_route=\/wp\/v2\/pages\/51\/revisions\/52"}],"wp:attachment":[{"href":"https:\/\/iranlimedyumlar.com\/index.php?rest_route=%2Fwp%2Fv2%2Fmedia&parent=51"}],"curies":[{"name":"wp","href":"https:\/\/api.w.org\/{rel}","templated":true}]}}