{"id":48,"date":"2026-04-25T07:24:24","date_gmt":"2026-04-25T07:24:24","guid":{"rendered":"https:\/\/iranlimedyumlar.com\/?page_id=48"},"modified":"2026-04-25T07:24:24","modified_gmt":"2026-04-25T07:24:24","slug":"papaz-buyusu","status":"publish","type":"page","link":"https:\/\/iranlimedyumlar.com\/?page_id=48","title":{"rendered":"Papaz B\u00fcy\u00fcs\u00fc"},"content":{"rendered":"\n<h2 class=\"wp-block-heading\">Papaz B\u00fcy\u00fcs\u00fc Nedir?<\/h2>\n\n\n\n<p>Papaz b\u00fcy\u00fcs\u00fc, k\u00f6keni Orta \u00c7a\u011f ve Pagan k\u00fclt\u00fcrlerine dayanan ve g\u00fcn\u00fcm\u00fcze kadar varl\u0131\u011f\u0131n\u0131 s\u00fcrd\u00fcren en g\u00fc\u00e7l\u00fc kara b\u00fcy\u00fc t\u00fcrlerinden biridir. Bu b\u00fcy\u00fc, ki\u015finin iradesine do\u011frudan m\u00fcdahale ederek istemsiz hareketler yapmas\u0131na sebep olur ve etkileri \u00e7ok k\u0131sa s\u00fcrede ortaya \u00e7\u0131kar. Ad\u0131n\u0131n \u201cpapaz b\u00fcy\u00fcs\u00fc\u201d olmas\u0131na ra\u011fmen Hristiyanl\u0131k ile herhangi bir ba\u011f\u0131 yoktur; papazlar taraf\u0131ndan yap\u0131lmaz. Bu ismi almas\u0131ndaki sebep, b\u00fcy\u00fcn\u00fcn \u0130branice s\u00f6zler ve S\u00fcryani alfabesi kullan\u0131larak yap\u0131lmas\u0131d\u0131r.<\/p>\n\n\n\n<p>Papaz b\u00fcy\u00fcs\u00fc \u00e7e\u015fitli ama\u00e7larla yap\u0131labilir; ba\u011flama, a\u015f\u0131k etme, geri getirme, so\u011futma, k\u0131smet kapatma ve cinsel ba\u011fl\u0131l\u0131k sa\u011flama gibi niyetlerle uygulan\u0131r. Her biri k\u00f6t\u00fc niyetle ger\u00e7ekle\u015ftirilir. Bu b\u00fcy\u00fc t\u00fcr\u00fc, tarih boyunca yanl\u0131\u015f \u015fekillerde uygulanm\u0131\u015f olup, adet kan\u0131 ya da erkek menisi gibi malzemeler i\u00e7ermez. \u00d6rne\u011fin, ay\u0131rma veya so\u011futma ama\u00e7l\u0131 yap\u0131lan papaz b\u00fcy\u00fcs\u00fc, cinlerin yard\u0131m\u0131 ile ger\u00e7ekle\u015ftirilir.<\/p>\n\n\n\n<p>Bu b\u00fcy\u00fcn\u00fcn etkisi alt\u0131ndaki ki\u015fi, kendi iradesi d\u0131\u015f\u0131nda hareket etti\u011fini veya d\u00fc\u015f\u00fcnd\u00fc\u011f\u00fcn\u00fc fark etmez ve durumu ola\u011fan hayat\u0131n bir par\u00e7as\u0131 olarak alg\u0131lar. De\u011fi\u015fiminin fark\u0131na varamad\u0131\u011f\u0131 i\u00e7in, ancak \u00e7evresinden gelen uyar\u0131larla bu durumun bilincine varabilir. Papaz b\u00fcy\u00fcs\u00fc bozulmad\u0131\u011f\u0131 s\u00fcrece, etkisi bir \u00f6m\u00fcr boyu s\u00fcrebilir ve baz\u0131 durumlarda \u00f6l\u00fcmle sonu\u00e7lanabilir.<\/p>\n\n\n\n<h3 class=\"wp-block-heading\">Papaz B\u00fcy\u00fcs\u00fc Nas\u0131l Yap\u0131l\u0131r?<\/h3>\n\n\n\n<p>Papaz b\u00fcy\u00fcs\u00fc yaln\u0131zca cinler alemi ile ileti\u015fime ge\u00e7ebilen uzman medyumlar taraf\u0131ndan yap\u0131labilir; evde uygulanmas\u0131 m\u00fcmk\u00fcn de\u011fildir. T\u0131ls\u0131ml\u0131 s\u00f6zc\u00fckler veya dualar bilinse bile, \u00f6teki alemle ba\u011flant\u0131 kurulmadan bu b\u00fcy\u00fcn\u00fcn ger\u00e7ekle\u015ftirilmesi imkans\u0131zd\u0131r. B\u00fcy\u00fc yap\u0131m\u0131nda, yedirme veya i\u00e7irme gibi y\u00f6ntemler nadiren kullan\u0131l\u0131r. Papaz b\u00fcy\u00fcs\u00fc i\u00e7in do\u011fru bir tarif bulunmamaktad\u0131r, bu b\u00fcy\u00fc sadece derin uzmanl\u0131k gerektiren ve cinlerin yard\u0131m\u0131 olmadan anlam ifade etmeyen bir i\u015flemdir.<\/p>\n\n\n\n<p>Papaz b\u00fcy\u00fcs\u00fcn\u00fcn yap\u0131lmas\u0131na dair bir\u00e7ok yanl\u0131\u015f inan\u0131\u015f bulunmaktad\u0131r. \u00d6rne\u011fin, ki\u015fiden k\u0131yafet par\u00e7as\u0131, \u00e7ama\u015f\u0131r veya toka gibi malzemeler istenmesi gerekmez. Ayr\u0131ca, mum yakarak niyet etme veya papazdan dua isteme gibi rit\u00fceller de bu b\u00fcy\u00fcn\u00fcn bir par\u00e7as\u0131 de\u011fildir. C\u00fcn\u00fcp olan bir ki\u015finin birtak\u0131m sure ve dualar\u0131 tersine okuyarak b\u00fcy\u00fc yapmas\u0131 da papaz b\u00fcy\u00fcs\u00fc olarak kabul edilmez.<\/p>\n\n\n\n<p>Papaz b\u00fcy\u00fcs\u00fcn\u00fcn halk aras\u0131nda yanl\u0131\u015f bilinen bir\u00e7ok uygulan\u0131\u015f bi\u00e7imi vard\u0131r. \u00d6rne\u011fin, kad\u0131nlar\u0131n adet kan\u0131n\u0131 \u015feker \u00fczerine damlatarak b\u00fcy\u00fcl\u00fc s\u00f6zler s\u00f6yleyip birine yedirmesi veya i\u00e7ece\u011fine kat\u0131p i\u00e7irmesi, papaz b\u00fcy\u00fcs\u00fcyle ilgisi olmayan rit\u00fcellerdir. Bu t\u00fcr b\u00fcy\u00fc uygulamalar\u0131 papaz b\u00fcy\u00fcs\u00fc olarak kabul edilmez ve sadece uzman medyumlar taraf\u0131ndan ger\u00e7ekle\u015ftirilmesi m\u00fcmk\u00fcnd\u00fcr.<\/p>\n\n\n\n<h4 class=\"wp-block-heading\">Papaz B\u00fcy\u00fcs\u00fc Nas\u0131l Bozulur?<\/h4>\n\n\n\n<p>Papaz b\u00fcy\u00fcs\u00fcn\u00fcn bozulmas\u0131 olduk\u00e7a zorlu bir s\u00fcre\u00e7tir ve bu i\u015flemi ger\u00e7ekle\u015ftirecek medyumun uzmanl\u0131k gerektiren yeteneklere sahip olmas\u0131 gerekir. Papaz b\u00fcy\u00fcs\u00fcn\u00fcn nas\u0131l bozulaca\u011f\u0131 konusunda kesin bir bilgi bulunmamakla birlikte, bu b\u00fcy\u00fcy\u00fc bozmak da yap\u0131ld\u0131\u011f\u0131 kadar zor bir i\u015flemdir. B\u00fcy\u00fcn\u00fcn etkilerinin ne kadar s\u00fcrede ortadan kalkaca\u011f\u0131, ki\u015finin b\u00fcy\u00fcye maruz kalma s\u00fcresine ve etkisinin \u015fiddetine ba\u011fl\u0131d\u0131r.<\/p>\n\n\n\n<p>Papaz b\u00fcy\u00fcs\u00fcn\u00fc bozmak i\u00e7in yap\u0131lan i\u015flemler, ancak bu konuda uzman olan bir medyum taraf\u0131ndan bilinmektedir. B\u00fcy\u00fc bozulmadan etkileri devam eder ve b\u00fcy\u00fcn\u00fcn ki\u015fiye olan zararlar\u0131 zamanla artabilir.<\/p>\n\n\n\n<h5 class=\"wp-block-heading\">Papaz B\u00fcy\u00fcs\u00fc Yap\u0131ld\u0131\u011f\u0131 Nas\u0131l Anla\u015f\u0131l\u0131r?<\/h5>\n\n\n\n<p>Papaz b\u00fcy\u00fcs\u00fcn\u00fcn etkileri o kadar g\u00fc\u00e7l\u00fcd\u00fcr ki, bu b\u00fcy\u00fcn\u00fcn etkisi alt\u0131nda olan bir ki\u015fi kolayl\u0131kla fark edilebilir. Ancak b\u00fcy\u00fcn\u00fcn \u015fiddetini ve ne zamandan beri etkili oldu\u011funu \u00f6\u011frenmek i\u00e7in bir uzmana ba\u015fvurmak gereklidir. T\u00fcrkiye\u2019nin \u00f6nde gelen medyumlar\u0131ndan biri olan \u0130ranl\u0131 Medyum Hoca, papaz b\u00fcy\u00fcs\u00fc konusunda uzmanla\u015fm\u0131\u015f bir isimdir ve bu konuda yard\u0131m almak m\u00fcmk\u00fcnd\u00fcr.<\/p>\n\n\n\n<p>Papaz b\u00fcy\u00fcs\u00fc, etkileri \u00e7ok \u015fiddetli olan bir kara b\u00fcy\u00fcd\u00fcr ve baz\u0131 durumlarda \u00f6l\u00fcmle sonu\u00e7lanabilir. Bu nedenle, ki\u015fi \u00fczerinde papaz b\u00fcy\u00fcs\u00fc oldu\u011funu fark edenler hi\u00e7 vakit kaybetmeden bir medyuma ba\u015fvurmal\u0131d\u0131r.<\/p>\n\n\n\n<h6 class=\"wp-block-heading\">Papaz B\u00fcy\u00fcs\u00fc Belirtileri Nelerdir?<\/h6>\n\n\n\n<p>Papaz b\u00fcy\u00fcs\u00fcn\u00fc cinlerle ileti\u015fime ge\u00e7ebilen, yetenekli ve manevi y\u00f6n\u00fc g\u00fc\u00e7l\u00fc bir medyum yapabilir. B\u00fcy\u00fcn\u00fcn belirtileri olduk\u00e7a kuvvetlidir ve ki\u015fi \u00fczerinde hemen fark edilebilir. Papaz b\u00fcy\u00fcs\u00fcn\u00fcn yayg\u0131n belirtileri \u015funlard\u0131r:<\/p>\n\n\n\n<ul class=\"wp-block-list\">\n<li>A\u015f\u0131k \u00e7iftler aras\u0131nda sebepsiz yere kavga \u00e7\u0131kmas\u0131 ve so\u011fukluk olu\u015fmas\u0131<\/li>\n\n\n\n<li>\u0130\u015flerin bir anda k\u00f6t\u00fcye gitmesi, iflas veya i\u015f kayb\u0131<\/li>\n\n\n\n<li>K\u0131smetin kapanmas\u0131<\/li>\n\n\n\n<li>Bolluk i\u00e7indeyken bor\u00e7lar\u0131n artmas\u0131<\/li>\n\n\n\n<li>Evli \u00e7iftlerde cinsel so\u011fukluk<\/li>\n\n\n\n<li>Erkeklerde iktidars\u0131zl\u0131k<\/li>\n\n\n\n<li>Ani fiziksel ve psikolojik rahats\u0131zl\u0131klar<\/li>\n\n\n\n<li>Ticari faaliyetlerde ani d\u00fc\u015f\u00fc\u015f<\/li>\n\n\n\n<li>Karde\u015fler aras\u0131nda k\u0131skan\u00e7l\u0131k<\/li>\n\n\n\n<li>Anne ve babaya kar\u015f\u0131 itaatsizlik ve k\u00f6t\u00fc davran\u0131\u015flar<\/li>\n<\/ul>\n\n\n\n<p>Bu belirtiler, papaz b\u00fcy\u00fcs\u00fc etkisi alt\u0131nda olan ki\u015filerde genellikle en ge\u00e7 \u00fc\u00e7 g\u00fcn i\u00e7inde ortaya \u00e7\u0131kar ve b\u00fcy\u00fc bozulmad\u0131k\u00e7a daha ciddi boyutlara ula\u015fabilir.<\/p>\n","protected":false},"excerpt":{"rendered":"<p>Papaz B\u00fcy\u00fcs\u00fc Nedir? Papaz b\u00fcy\u00fcs\u00fc, k\u00f6keni Orta \u00c7a\u011f ve Pagan k\u00fclt\u00fcrlerine dayanan ve g\u00fcn\u00fcm\u00fcze kadar varl\u0131\u011f\u0131n\u0131 s\u00fcrd\u00fcren en g\u00fc\u00e7l\u00fc kara b\u00fcy\u00fc t\u00fcrlerinden biridir. Bu b\u00fcy\u00fc, ki\u015finin iradesine do\u011frudan m\u00fcdahale ederek [&hellip;]<\/p>\n","protected":false},"author":1,"featured_media":0,"parent":0,"menu_order":0,"comment_status":"closed","ping_status":"closed","template":"","meta":{"footnotes":""},"class_list":["post-48","page","type-page","status-publish","hentry"],"_links":{"self":[{"href":"https:\/\/iranlimedyumlar.com\/index.php?rest_route=\/wp\/v2\/pages\/48","targetHints":{"allow":["GET"]}}],"collection":[{"href":"https:\/\/iranlimedyumlar.com\/index.php?rest_route=\/wp\/v2\/pages"}],"about":[{"href":"https:\/\/iranlimedyumlar.com\/index.php?rest_route=\/wp\/v2\/types\/page"}],"author":[{"embeddable":true,"href":"https:\/\/iranlimedyumlar.com\/index.php?rest_route=\/wp\/v2\/users\/1"}],"replies":[{"embeddable":true,"href":"https:\/\/iranlimedyumlar.com\/index.php?rest_route=%2Fwp%2Fv2%2Fcomments&post=48"}],"version-history":[{"count":1,"href":"https:\/\/iranlimedyumlar.com\/index.php?rest_route=\/wp\/v2\/pages\/48\/revisions"}],"predecessor-version":[{"id":49,"href":"https:\/\/iranlimedyumlar.com\/index.php?rest_route=\/wp\/v2\/pages\/48\/revisions\/49"}],"wp:attachment":[{"href":"https:\/\/iranlimedyumlar.com\/index.php?rest_route=%2Fwp%2Fv2%2Fmedia&parent=48"}],"curies":[{"name":"wp","href":"https:\/\/api.w.org\/{rel}","templated":true}]}}