{"id":42,"date":"2026-04-24T10:46:56","date_gmt":"2026-04-24T10:46:56","guid":{"rendered":"https:\/\/iranlimedyumlar.com\/?page_id=42"},"modified":"2026-04-24T10:46:56","modified_gmt":"2026-04-24T10:46:56","slug":"geri-getirme-buyusu","status":"publish","type":"page","link":"https:\/\/iranlimedyumlar.com\/?page_id=42","title":{"rendered":"Geri Getirme B\u00fcy\u00fcs\u00fc"},"content":{"rendered":"\n<h2 class=\"wp-block-heading\"><strong>Geri Getirme B\u00fcy\u00fcs\u00fc Nedir?<\/strong><\/h2>\n\n\n\n<p>\u0130li\u015fkilerde mutlu ve huzurlu bir hayat s\u00fcrmek, bir\u00e7ok insan\u0131n en b\u00fcy\u00fck arzusudur. Ancak bazen, ba\u015flang\u0131\u00e7ta b\u00fcy\u00fck umutlarla ba\u015flayan bu ili\u015fkilerde, zamanla bir taraf\u0131n sevgisi azalabilir ve bu da ayr\u0131l\u0131kla sonu\u00e7lanabilir. Bu durumda, geride kalan ki\u015fi b\u00fcy\u00fck bir ac\u0131 \u00e7eker ve bu ac\u0131, sadece sevdi\u011fi ki\u015fi geri d\u00f6nd\u00fc\u011f\u00fcnde sona erebilir. \u0130\u015fte bu noktada devreye giren geri getirme b\u00fcy\u00fcs\u00fc, ayr\u0131l\u0131k ac\u0131s\u0131n\u0131 sonland\u0131rmay\u0131 ve sevgilinin geri d\u00f6nmesini sa\u011flar. \u0130ranl\u0131 Medyum hoca, bu t\u00fcr durumlarda dan\u0131\u015fanlar\u0131na yard\u0131mc\u0131 olarak, onlar\u0131n mutlulu\u011funu yeniden kazanmalar\u0131na destek olur.<\/p>\n\n\n\n<p>\u0130ranl\u0131 Medyum hocan\u0131n uygulad\u0131\u011f\u0131 geri getirme b\u00fcy\u00fcs\u00fc, ayr\u0131lan ki\u015finin pi\u015fmanl\u0131k duymas\u0131n\u0131 ve geri d\u00f6nmek istemesini sa\u011flar. Bu b\u00fcy\u00fc sayesinde, siz de kaybetti\u011finiz mutlulu\u011fu yeniden yakalayabilir ve sevdi\u011finiz ki\u015fiyle tekrar bir araya gelebilirsiniz. B\u00fcy\u00fc, tarih boyunca sorunlara \u00e7\u00f6z\u00fcm bulmak amac\u0131yla kullan\u0131lan y\u00f6ntemlerden biridir ve etkili olmas\u0131 i\u00e7in mutlaka tecr\u00fcbeli bir medyum taraf\u0131ndan yap\u0131lmas\u0131 gerekmektedir. \u0130ranl\u0131 Medyum hocan\u0131n uygulad\u0131\u011f\u0131 geri getirme b\u00fcy\u00fcs\u00fc, sevdi\u011finiz ki\u015fiyle sonsuza dek mutlu bir birliktelik ya\u015faman\u0131za yard\u0131mc\u0131 olabilir.<\/p>\n\n\n\n<h3 class=\"wp-block-heading\"><strong>Geri Getirme B\u00fcy\u00fcs\u00fc Ne \u0130\u00e7in Yap\u0131l\u0131r?<\/strong><\/h3>\n\n\n\n<p>Geri getirme b\u00fcy\u00fcs\u00fc, isminden de anla\u015f\u0131laca\u011f\u0131 \u00fczere, kaybedilen sevgiliyi geri getirmek amac\u0131yla yap\u0131l\u0131r. Evini terk eden e\u015fler, ayr\u0131lan ni\u015fanl\u0131lar ve sevgililer i\u00e7in uygulanan bu b\u00fcy\u00fc, ak b\u00fcy\u00fcler kategorisine girer. B\u00fcy\u00fcn\u00fcn amac\u0131, kaybolan sevgi ve ba\u011fl\u0131l\u0131\u011f\u0131 yeniden kazanmak, ayr\u0131lan \u00e7iftlerin tekrar bir araya gelmesini sa\u011flamakt\u0131r. \u0130ranl\u0131 Medyum hoca, kendisine ba\u015fvuran ki\u015filere bu b\u00fcy\u00fcy\u00fc \u00f6zenle uygulayarak, onlar\u0131n yuvalar\u0131n\u0131 kurtarmalar\u0131na yard\u0131mc\u0131 olur. Hocan\u0131n yapt\u0131\u011f\u0131 b\u00fcy\u00fcler, ili\u015fkilerinde yeniden mutlulu\u011fu bulan ki\u015filerin olumlu geri d\u00f6n\u00fc\u015fleriyle de kendini kan\u0131tlamaktad\u0131r.<\/p>\n\n\n\n<p>Bu b\u00fcy\u00fcn\u00fcn yap\u0131labilmesi i\u00e7in \u00f6nceden ya\u015fanm\u0131\u015f bir ili\u015fkinin olmas\u0131 \u015fartt\u0131r. Geri getirme b\u00fcy\u00fcs\u00fc, sadece evlilik, ni\u015fan ya da sevgililik ili\u015fkisi ya\u015fam\u0131\u015f \u00e7iftlere uygulanabilir. Geri d\u00f6nmesi istenen ki\u015fi yak\u0131n bir mesafedeyse, yedirme i\u00e7irme y\u00f6ntemiyle yap\u0131lan b\u00fcy\u00fc daha h\u0131zl\u0131 sonu\u00e7 verir. Uzaklarda olan biri i\u00e7in de geri getirme b\u00fcy\u00fcs\u00fc yap\u0131labilir ve bu b\u00fcy\u00fc sayesinde ayr\u0131lan ki\u015filer k\u0131sa s\u00fcrede tekrar bir araya gelerek mutlu birlikteliklerine devam ederler.<\/p>\n\n\n\n<h4 class=\"wp-block-heading\"><strong>Geri Getirme B\u00fcy\u00fcs\u00fc Nas\u0131l Yap\u0131l\u0131r?<\/strong><\/h4>\n\n\n\n<p>Geri getirme b\u00fcy\u00fcs\u00fc, \u0130ranl\u0131 Medyum hoca gibi bu alanda deneyimli ki\u015filer taraf\u0131ndan yap\u0131lmal\u0131d\u0131r. Sevdi\u011fi ki\u015fi taraf\u0131ndan terk edilen birinin, ya\u015fad\u0131\u011f\u0131 ac\u0131y\u0131 sonland\u0131rmak i\u00e7in bu b\u00fcy\u00fcy\u00fc kendisinin yapmas\u0131 m\u00fcmk\u00fcn de\u011fildir. Bu \u00f6zel b\u00fcy\u00fc, sadece havas ilmine sahip medyumlar taraf\u0131ndan etkili bir \u015fekilde uygulanabilir. \u0130ranl\u0131 Medyum hocan\u0131n sahip oldu\u011fu \u00f6zel g\u00fc\u00e7ler ve do\u011fa\u00fcst\u00fc varl\u0131klarla kurdu\u011fu ileti\u015fim sayesinde, geri getirme b\u00fcy\u00fcs\u00fc istenen etkiyi g\u00f6sterir. B\u00fcy\u00fcn\u00fcn uygulanmas\u0131 s\u0131ras\u0131nda \u00f6zel rit\u00fceller ger\u00e7ekle\u015ftirilir ve belirli dualar okunur.<\/p>\n\n\n\n<p>\u0130ranl\u0131 Medyum hoca, b\u00fcy\u00fc s\u00fcrecinde t\u00fcm i\u015flemleri titizlikle y\u00fcr\u00fct\u00fcr ve dan\u0131\u015fanlar\u0131na da etmeleri gereken dualar ve yapmalar\u0131 gereken i\u015flemler hakk\u0131nda bilgi verir. Bu talimatlara uyuldu\u011funda, sevilen ki\u015fi en ge\u00e7 \u00fc\u00e7 g\u00fcn i\u00e7inde geri d\u00f6ner. B\u00fcy\u00fcn\u00fcn etkisindeki ki\u015fi, d\u00fc\u015f\u00fcncelerinin de\u011fi\u015fti\u011fini fark etmeden, eski sevgilisine kar\u015f\u0131 yo\u011fun bir \u00f6zlem duymaya ba\u015flar ve geri d\u00f6nmek i\u00e7in \u00e7aba g\u00f6sterir. \u0130yi niyetle yap\u0131lan bu b\u00fcy\u00fc, kal\u0131c\u0131 bir etki yaratarak ili\u015fkinin yeniden ba\u015flamas\u0131n\u0131 sa\u011flar.<\/p>\n\n\n\n<h5 class=\"wp-block-heading\"><strong>Geri Getirme B\u00fcy\u00fcs\u00fc Yapan Medyum Hoca<\/strong><\/h5>\n\n\n\n<p>Geri getirme b\u00fcy\u00fcs\u00fc yapacak medyum hocay\u0131 se\u00e7erken dikkatli olunmas\u0131 gerekir. Sahte medyumlar, insanlar\u0131n duygular\u0131n\u0131 s\u00f6m\u00fcrerek onlar\u0131 kand\u0131rabilir. Bu nedenle, g\u00fcvenilir bir medyum se\u00e7mek \u00f6nemlidir. \u0130ranl\u0131 Medyum hoca, ger\u00e7ek bir medyum olarak, dan\u0131\u015fanlar\u0131n\u0131n sorunlar\u0131n\u0131 dikkatlice dinler ve en etkili \u00e7\u00f6z\u00fcm\u00fc sunmak i\u00e7in geri getirme b\u00fcy\u00fcs\u00fcn\u00fc \u00f6zenle uygular.<\/p>\n\n\n\n<p>\u0130ranl\u0131 Medyum hoca, yapt\u0131\u011f\u0131 b\u00fcy\u00fclerin etkili olaca\u011f\u0131ndan emin olmad\u0131k\u00e7a b\u00fcy\u00fc yapmaz. Bu, onun ba\u015far\u0131s\u0131n\u0131n ve tan\u0131nm\u0131\u015fl\u0131\u011f\u0131n\u0131n en \u00f6nemli sebeplerinden biridir. E\u011fer sevgilinizle aran\u0131zda bir ayr\u0131l\u0131k ya\u015fand\u0131ysa ve onu geri kazanmak istiyorsan\u0131z, \u0130ranl\u0131 Medyum hoca ile ileti\u015fime ge\u00e7erek sorununuzu \u00e7\u00f6zebilirsiniz.<\/p>\n\n\n\n<h6 class=\"wp-block-heading\"><strong>Geri Getirme B\u00fcy\u00fcs\u00fc Yap\u0131ld\u0131\u011f\u0131 Nas\u0131l Anla\u015f\u0131l\u0131r?<\/strong><\/h6>\n\n\n\n<p>Geri getirme b\u00fcy\u00fcs\u00fc yap\u0131ld\u0131\u011f\u0131n\u0131 anlamak, b\u00fcy\u00fcn\u00fcn etkisi alt\u0131ndaki ki\u015fi i\u00e7in zor olabilir. B\u00fcy\u00fcn\u00fcn etkisiyle, ki\u015fi eski sevgilisine kar\u015f\u0131 yo\u011fun bir \u00f6zlem duymaya ba\u015flar, onu r\u00fcyalar\u0131nda g\u00f6r\u00fcr ve ayr\u0131ld\u0131\u011f\u0131 i\u00e7in b\u00fcy\u00fck pi\u015fmanl\u0131k hisseder. Bu pi\u015fmanl\u0131k k\u0131sa s\u00fcrede dayan\u0131lmaz bir hale gelir ve ki\u015fi geri d\u00f6nmek i\u00e7in \u00e7aba g\u00f6stermeye ba\u015flar.<\/p>\n\n\n\n<p>E\u011fer siz de b\u00f6yle bir durumda kendinizi bulduysan\u0131z ve b\u00fcy\u00fc yap\u0131lm\u0131\u015f olabilece\u011finden \u015f\u00fcpheleniyorsan\u0131z, bir medyumla g\u00f6r\u00fc\u015ferek durumu netle\u015ftirebilirsiniz. Medyum \u0130ranl\u0131 Medyum hoca, sizinle yapaca\u011f\u0131 g\u00f6r\u00fc\u015fmede \u00fczerinizde b\u00fcy\u00fc olup olmad\u0131\u011f\u0131n\u0131 tespit edebilir ve gerekirse bu b\u00fcy\u00fcy\u00fc bozmak i\u00e7in gerekli ad\u0131mlar\u0131 atar.<\/p>\n\n\n\n<h6 class=\"wp-block-heading\"><strong>Geri Getirme B\u00fcy\u00fcs\u00fc Nas\u0131l Bozulur?<\/strong><\/h6>\n\n\n\n<p>Bir ki\u015fiye yap\u0131lan geri getirme b\u00fcy\u00fcs\u00fcn\u00fc, o ki\u015finin kendi ba\u015f\u0131na bozmas\u0131 m\u00fcmk\u00fcn de\u011fildir. B\u00fcy\u00fc ile ilgili maddeleri yakmak ya da atmak, b\u00fcy\u00fcn\u00fcn etkisini ortadan kald\u0131rmaz. Bu nedenle, b\u00fcy\u00fc bozma i\u015flemleri mutlaka \u0130ranl\u0131 Medyum hoca gibi uzman ki\u015filer taraf\u0131ndan yap\u0131lmal\u0131d\u0131r. \u0130ranl\u0131 Medyum hoca, \u00f6zel rit\u00fceller ve dualar ile b\u00fcy\u00fcn\u00fcn etkisini tamamen ortadan kald\u0131r\u0131r.<\/p>\n\n\n\n<p>B\u00fcy\u00fc bozulduktan sonra, b\u00fcy\u00fc etkisindeki ki\u015finin sevgiliye duydu\u011fu \u00f6zlem sona erer ve geri d\u00f6nme iste\u011fi ortadan kalkar. Geri getirme b\u00fcy\u00fcs\u00fc, mutlu ili\u015fkilerin devam etmesi amac\u0131yla yap\u0131l\u0131rken, ba\u015fka biriyle evlenen ya da yeni bir ili\u015fkiye ba\u015flayan ki\u015filere yap\u0131lmamas\u0131 gerekir. \u0130ranl\u0131 Medyum hoca, b\u00f6yle durumlarda geri getirme b\u00fcy\u00fcs\u00fc yapmay\u0131 reddeder, \u00e7\u00fcnk\u00fc yuvalar\u0131n y\u0131k\u0131lmas\u0131na sebep olmak istemez.<\/p>\n","protected":false},"excerpt":{"rendered":"<p>Geri Getirme B\u00fcy\u00fcs\u00fc Nedir? \u0130li\u015fkilerde mutlu ve huzurlu bir hayat s\u00fcrmek, bir\u00e7ok insan\u0131n en b\u00fcy\u00fck arzusudur. Ancak bazen, ba\u015flang\u0131\u00e7ta b\u00fcy\u00fck umutlarla ba\u015flayan bu ili\u015fkilerde, zamanla bir taraf\u0131n sevgisi azalabilir ve [&hellip;]<\/p>\n","protected":false},"author":1,"featured_media":0,"parent":0,"menu_order":0,"comment_status":"closed","ping_status":"closed","template":"","meta":{"footnotes":""},"class_list":["post-42","page","type-page","status-publish","hentry"],"_links":{"self":[{"href":"https:\/\/iranlimedyumlar.com\/index.php?rest_route=\/wp\/v2\/pages\/42","targetHints":{"allow":["GET"]}}],"collection":[{"href":"https:\/\/iranlimedyumlar.com\/index.php?rest_route=\/wp\/v2\/pages"}],"about":[{"href":"https:\/\/iranlimedyumlar.com\/index.php?rest_route=\/wp\/v2\/types\/page"}],"author":[{"embeddable":true,"href":"https:\/\/iranlimedyumlar.com\/index.php?rest_route=\/wp\/v2\/users\/1"}],"replies":[{"embeddable":true,"href":"https:\/\/iranlimedyumlar.com\/index.php?rest_route=%2Fwp%2Fv2%2Fcomments&post=42"}],"version-history":[{"count":1,"href":"https:\/\/iranlimedyumlar.com\/index.php?rest_route=\/wp\/v2\/pages\/42\/revisions"}],"predecessor-version":[{"id":43,"href":"https:\/\/iranlimedyumlar.com\/index.php?rest_route=\/wp\/v2\/pages\/42\/revisions\/43"}],"wp:attachment":[{"href":"https:\/\/iranlimedyumlar.com\/index.php?rest_route=%2Fwp%2Fv2%2Fmedia&parent=42"}],"curies":[{"name":"wp","href":"https:\/\/api.w.org\/{rel}","templated":true}]}}